{"id":2,"date":"2023-01-30T20:17:22","date_gmt":"2023-01-30T20:17:22","guid":{"rendered":"https:\/\/frankandfree.eu\/?page_id=2"},"modified":"2023-07-30T15:04:24","modified_gmt":"2023-07-30T14:04:24","slug":"sample-page","status":"publish","type":"page","link":"https:\/\/frankandfree.eu\/?page_id=2","title":{"rendered":"Dr. med. Eva Frank"},"content":{"rendered":"\n<p>Fach\u00e4rztin f\u00fcr innere Medizin<\/p>\n\n\n\n<figure class=\"wp-block-image size-full is-style-default\"><img loading=\"lazy\" decoding=\"async\" width=\"450\" height=\"450\" src=\"https:\/\/frankandfree.eu\/wp-content\/uploads\/2023\/01\/dr_eva_frank.jpg\" alt=\"\" class=\"wp-image-9\" srcset=\"https:\/\/frankandfree.eu\/wp-content\/uploads\/2023\/01\/dr_eva_frank.jpg 450w, https:\/\/frankandfree.eu\/wp-content\/uploads\/2023\/01\/dr_eva_frank-300x300.jpg 300w, https:\/\/frankandfree.eu\/wp-content\/uploads\/2023\/01\/dr_eva_frank-150x150.jpg 150w\" sizes=\"auto, (max-width: 450px) 100vw, 450px\" \/><\/figure>\n\n\n\n<blockquote class=\"wp-block-quote is-layout-flow wp-block-quote-is-layout-flow\">\n<p><a href=\"https:\/\/www.xing.com\/profile\/Eva_Frank2\">https:\/\/www.xing.com\/profile\/Eva_Frank2<br><\/a><a href=\"https:\/\/www.linkedin.com\/in\/eva-frank-b71a562\/\">https:\/\/www.linkedin.com\/in\/eva-frank-b71a562\/<\/a><\/p>\n<\/blockquote>\n\n\n\n<p><\/p>\n\n\n\n<p><strong>2002-2004: Studium der Humanmedizin<\/strong>, Medizinische Hochschule Hannover, Vorklinischer Abschnitt, Vor\u00e4rztliche Pr\u00fcfung<\/p>\n\n\n\n<p><strong>2004-2009: Studium der Humanmedizin<\/strong>, Ludwig-Maximilians-Universit\u00e4t M\u00fcnchen, Klinischer Abschnitt, \u00c4rztliche Pr\u00fcfung, Approbation<\/p>\n\n\n\n<p><strong>2005-2010: Promotion<\/strong>, Ludwig-Maximilians-Universit\u00e4t M\u00fcnchen<\/p>\n\n\n\n<p><strong>2008: Praktisches Jahr&nbsp;<\/strong>in Oxford, Houston, Z\u00fcrich und M\u00fcnchen<\/p>\n\n\n\n<p><strong>2010-2013: Assistenz\u00e4rztin<\/strong>&nbsp;in der Inneren Medizin am St\u00e4dtischen Klinikum M\u00fcnchen<\/p>\n\n\n\n<p><strong>2013-2016: Assistenz\u00e4rztin<\/strong>&nbsp;in der Inneren Medizin am Klinikum F\u00fcrstenfeldbruck<\/p>\n\n\n\n<p><strong>2016: Fach\u00e4rztin f\u00fcr Innere Medizin&nbsp;<\/strong><\/p>\n\n\n\n<p><strong>2018-2019:<\/strong>&nbsp;<strong>Fach\u00e4rztin f\u00fcr Innere Medizin<\/strong>&nbsp;in der Praxis Dr. Michael M\u00fcller (Diabetes- und Hormonzentrum F\u00fcnf H\u00f6fe) M\u00fcnchen<\/p>\n\n\n\n<p><strong>2019-2020:<\/strong>&nbsp;<strong>Fach\u00e4rztin f\u00fcr Innere Medizin<\/strong>&nbsp;in der Praxis Dr. Klaus Kreie Olching<\/p>\n\n\n\n<p><strong>2020-2021:<\/strong>\u00a0<strong>Fach\u00e4rztin f\u00fcr Innere Medizin\u00a0<\/strong>beim Referat f\u00fcr Gesundheit und Umwelt der Landeshauptstadt M\u00fcnchen (Gesundheitsamt)<\/p>\n\n\n\n<p><strong>2023: Fach\u00e4rztin f\u00fcr Innere Medizin<\/strong> im Medizinischen Versorgungszentrum im Kloster, M\u00fcnchen-Pasing<\/p>\n\n\n\n<p><\/p>\n","protected":false},"excerpt":{"rendered":"<p>Fach\u00e4rztin f\u00fcr innere Medizin https:\/\/www.xing.com\/profile\/Eva_Frank2https:\/\/www.linkedin.com\/in\/eva-frank-b71a562\/ 2002-2004: Studium der Humanmedizin, Medizinische Hochschule Hannover, Vorklinischer Abschnitt, Vor\u00e4rztliche Pr\u00fcfung 2004-2009: Studium der Humanmedizin, Ludwig-Maximilians-Universit\u00e4t M\u00fcnchen, Klinischer Abschnitt, \u00c4rztliche Pr\u00fcfung, Approbation 2005-2010: Promotion, Ludwig-Maximilians-Universit\u00e4t M\u00fcnchen 2008: Praktisches Jahr&nbsp;in Oxford, Houston, Z\u00fcrich und M\u00fcnchen 2010-2013: Assistenz\u00e4rztin&nbsp;in der Inneren Medizin am St\u00e4dtischen Klinikum M\u00fcnchen 2013-2016: Assistenz\u00e4rztin&nbsp;in der Inneren Medizin am Klinikum [&hellip;]<\/p>\n","protected":false},"author":1,"featured_media":0,"parent":0,"menu_order":0,"comment_status":"closed","ping_status":"open","template":"","meta":{"footnotes":""},"class_list":["post-2","page","type-page","status-publish","hentry","post-preview"],"_links":{"self":[{"href":"https:\/\/frankandfree.eu\/index.php?rest_route=\/wp\/v2\/pages\/2","targetHints":{"allow":["GET"]}}],"collection":[{"href":"https:\/\/frankandfree.eu\/index.php?rest_route=\/wp\/v2\/pages"}],"about":[{"href":"https:\/\/frankandfree.eu\/index.php?rest_route=\/wp\/v2\/types\/page"}],"author":[{"embeddable":true,"href":"https:\/\/frankandfree.eu\/index.php?rest_route=\/wp\/v2\/users\/1"}],"replies":[{"embeddable":true,"href":"https:\/\/frankandfree.eu\/index.php?rest_route=%2Fwp%2Fv2%2Fcomments&post=2"}],"version-history":[{"count":5,"href":"https:\/\/frankandfree.eu\/index.php?rest_route=\/wp\/v2\/pages\/2\/revisions"}],"predecessor-version":[{"id":25,"href":"https:\/\/frankandfree.eu\/index.php?rest_route=\/wp\/v2\/pages\/2\/revisions\/25"}],"wp:attachment":[{"href":"https:\/\/frankandfree.eu\/index.php?rest_route=%2Fwp%2Fv2%2Fmedia&parent=2"}],"curies":[{"name":"wp","href":"https:\/\/api.w.org\/{rel}","templated":true}]}}